{"id":17,"date":"2015-03-03T21:54:27","date_gmt":"2015-03-03T20:54:27","guid":{"rendered":"http:\/\/rp81.de\/forstgut-lauksburg\/?page_id=17"},"modified":"2021-12-19T18:16:59","modified_gmt":"2021-12-19T17:16:59","slug":"herzlich-willkommen","status":"publish","type":"page","link":"https:\/\/www.forstgut-lauksburg.de\/","title":{"rendered":"Herzlich willkommen!"},"content":{"rendered":"<p style=\"text-align: justify;\">Herzlich willkommen auf der Homepage des Forstguts Lauksburg! Wir m\u00f6chten Ihnen an dieser Stelle zun\u00e4chst einen \u00dcberblick \u00fcber unser Ferienhaus geben.<\/p>\n<p style=\"text-align: justify;\">Das Ferienhaus liegt im sch\u00f6nen Wispertal zwischen Lorch am Rhein und Bad Schwalbach in herrlicher Waldlage. Vielf\u00e4ltige Wanderwege f\u00fchren in die liebliche Umgebung mit ihren ausgedehnten W\u00e4ldern, Burgen und Weinorten.<br \/>\nSie k\u00f6nnen aber auch reiten oder mit dem Schiff die Rheinromantik auf sich wirken lassen. Zum Rhein oder nach Bad Schwalbach sind es mit dem Auto 20 Minuten, nach Wiesbaden oder Mainz 40 Minuten und nach Frankfurt am Main 60 Minuten zu fahren. Aber auch Nahe, Lahn, Main, Mosel oder die Loreley sind in weniger als 90 Minuten erreicht.<\/p>\n","protected":false},"excerpt":{"rendered":"<p>Herzlich willkommen auf der Homepage des Forstguts Lauksburg! Wir m\u00f6chten Ihnen an dieser Stelle zun\u00e4chst einen \u00dcberblick \u00fcber unser Ferienhaus geben. Das Ferienhaus liegt im sch\u00f6nen Wispertal zwischen Lorch am Rhein und Bad Schwalbach in herrlicher Waldlage. Vielf\u00e4ltige Wanderwege f\u00fchren &hellip; <a href=\"https:\/\/www.forstgut-lauksburg.de\/\">Weiter<\/a><\/p>\n","protected":false},"author":1,"featured_media":0,"parent":0,"menu_order":0,"comment_status":"open","ping_status":"open","template":"page-fullwidth.php","meta":{"kt_blocks_editor_width":"","ngg_post_thumbnail":0,"footnotes":""},"class_list":["post-17","page","type-page","status-publish","hentry"],"_links":{"self":[{"href":"https:\/\/www.forstgut-lauksburg.de\/index.php?rest_route=\/wp\/v2\/pages\/17","targetHints":{"allow":["GET"]}}],"collection":[{"href":"https:\/\/www.forstgut-lauksburg.de\/index.php?rest_route=\/wp\/v2\/pages"}],"about":[{"href":"https:\/\/www.forstgut-lauksburg.de\/index.php?rest_route=\/wp\/v2\/types\/page"}],"author":[{"embeddable":true,"href":"https:\/\/www.forstgut-lauksburg.de\/index.php?rest_route=\/wp\/v2\/users\/1"}],"replies":[{"embeddable":true,"href":"https:\/\/www.forstgut-lauksburg.de\/index.php?rest_route=%2Fwp%2Fv2%2Fcomments&post=17"}],"version-history":[{"count":23,"href":"https:\/\/www.forstgut-lauksburg.de\/index.php?rest_route=\/wp\/v2\/pages\/17\/revisions"}],"predecessor-version":[{"id":364,"href":"https:\/\/www.forstgut-lauksburg.de\/index.php?rest_route=\/wp\/v2\/pages\/17\/revisions\/364"}],"wp:attachment":[{"href":"https:\/\/www.forstgut-lauksburg.de\/index.php?rest_route=%2Fwp%2Fv2%2Fmedia&parent=17"}],"curies":[{"name":"wp","href":"https:\/\/api.w.org\/{rel}","templated":true}]}}